{"id":45,"date":"2014-02-06T11:33:12","date_gmt":"2014-02-06T11:33:12","guid":{"rendered":"http:\/\/dev.tshelfer.de\/?page_id=45"},"modified":"2025-07-09T12:38:37","modified_gmt":"2025-07-09T12:38:37","slug":"anmeldung","status":"publish","type":"page","link":"https:\/\/www.tshelfer.de\/?page_id=45","title":{"rendered":"Anmeldung"},"content":{"rendered":"<p>Melden Sie sich jetzt verbindlich zu unserem Kursus an.<\/p>\n<style id=\"wpforms-css-vars-2678\">\n\t\t\t\t#wpforms-2678 {\n\t\t\t\t--wpforms-container-padding: 0px;\n--wpforms-container-border-width: 1px;\n--wpforms-container-border-radius: 3px;\n--wpforms-background-color: rgba(0, 0, 0, 0);\n--wpforms-field-size-input-height: 43px;\n--wpforms-field-size-input-spacing: 15px;\n--wpforms-field-size-font-size: 16px;\n--wpforms-field-size-line-height: 19px;\n--wpforms-field-size-padding-h: 14px;\n--wpforms-field-size-checkbox-size: 16px;\n--wpforms-field-size-sublabel-spacing: 5px;\n--wpforms-field-size-icon-size: 1;\n--wpforms-label-size-font-size: 16px;\n--wpforms-label-size-line-height: 19px;\n--wpforms-label-size-sublabel-font-size: 14px;\n--wpforms-label-size-sublabel-line-height: 17px;\n--wpforms-button-size-font-size: 17px;\n--wpforms-button-size-height: 41px;\n--wpforms-button-size-padding-h: 15px;\n--wpforms-button-size-margin-top: 10px;\n--wpforms-container-shadow-size-box-shadow: none;\n\t\t\t}\n\t\t\t<\/style><div class=\"wpforms-container wpforms-container-full wpforms-render-modern\" id=\"wpforms-2678\"><form id=\"wpforms-form-2678\" class=\"wpforms-validate wpforms-form wpforms-ajax-form\" data-formid=\"2678\" method=\"post\" enctype=\"multipart\/form-data\" action=\"\/index.php?rest_route=%2Fwp%2Fv2%2Fpages%2F45\" data-token=\"102cd0613f5d4a0e4e5e531e438c9a64\" data-token-time=\"1777383467\"><noscript class=\"wpforms-error-noscript\">Bitte aktiviere JavaScript in deinem Browser, um dieses Formular fertigzustellen.<\/noscript><div id=\"wpforms-error-noscript\" style=\"display: none;\">Bitte aktiviere JavaScript in deinem Browser, um dieses Formular fertigzustellen.<\/div><div class=\"wpforms-field-container\"><div id=\"wpforms-2678-field_2-container\" class=\"wpforms-field wpforms-field-text\" data-field-id=\"2\"><label class=\"wpforms-field-label\" for=\"wpforms-2678-field_2\">Kursnummer <span class=\"wpforms-required-label\" aria-hidden=\"true\">*<\/span><\/label><input type=\"text\" id=\"wpforms-2678-field_2\" class=\"wpforms-field-small wpforms-field-required\" name=\"wpforms[fields][2]\" aria-errormessage=\"wpforms-2678-field_2-error\" aria-describedby=\"wpforms-2678-field_2-description\" required><div id=\"wpforms-2678-field_2-description\" class=\"wpforms-field-description\">Kursnummer<\/div><\/div><div id=\"wpforms-2678-field_3-container\" class=\"wpforms-field wpforms-field-text\" data-field-id=\"3\"><label class=\"wpforms-field-label\" for=\"wpforms-2678-field_3\">Datum <span class=\"wpforms-required-label\" aria-hidden=\"true\">*<\/span><\/label><input type=\"text\" id=\"wpforms-2678-field_3\" class=\"wpforms-field-small wpforms-field-required\" name=\"wpforms[fields][3]\" aria-errormessage=\"wpforms-2678-field_3-error\" aria-describedby=\"wpforms-2678-field_3-description\" required><div id=\"wpforms-2678-field_3-description\" class=\"wpforms-field-description\">Datum<\/div><\/div>\t\t<div id=\"wpforms-2678-field_4-container\"\n\t\t\tclass=\"wpforms-field wpforms-field-text\"\n\t\t\tdata-field-type=\"text\"\n\t\t\tdata-field-id=\"4\"\n\t\t\t>\n\t\t\t<label class=\"wpforms-field-label\" for=\"wpforms-2678-field_4\" >(Partner\/in) zu. Name<\/label>\n\t\t\t<input type=\"text\" id=\"wpforms-2678-field_4\" class=\"wpforms-field-medium\" name=\"wpforms[fields][4]\" >\n\t\t<\/div>\n\t\t<div id=\"wpforms-2678-field_7-container\" class=\"wpforms-field wpforms-field-select wpforms-field-select-style-classic\" data-field-id=\"7\"><label class=\"wpforms-field-label\" for=\"wpforms-2678-field_7\">Anrede<\/label><select id=\"wpforms-2678-field_7\" class=\"wpforms-field-medium\" name=\"wpforms[fields][7]\"><option value=\"Herr\"  class=\"choice-1 depth-1\"  >Herr<\/option><option value=\"Frau\"  selected='selected' class=\"choice-2 depth-1\"  >Frau<\/option><\/select><\/div><div id=\"wpforms-2678-field_5-container\" class=\"wpforms-field wpforms-field-name\" data-field-id=\"5\"><fieldset><legend class=\"wpforms-field-label\">Name <span class=\"wpforms-required-label\" aria-hidden=\"true\">*<\/span><\/legend><div class=\"wpforms-field-row wpforms-field-medium\"><div class=\"wpforms-field-row-block wpforms-first wpforms-one-half\"><input type=\"text\" id=\"wpforms-2678-field_5\" class=\"wpforms-field-name-first wpforms-field-required\" name=\"wpforms[fields][5][first]\" aria-errormessage=\"wpforms-2678-field_5-error\" required><label for=\"wpforms-2678-field_5\" class=\"wpforms-field-sublabel after\">Vorname<\/label><\/div><div class=\"wpforms-field-row-block wpforms-one-half\"><input type=\"text\" id=\"wpforms-2678-field_5-last\" class=\"wpforms-field-name-last wpforms-field-required\" name=\"wpforms[fields][5][last]\" aria-errormessage=\"wpforms-2678-field_5-last-error\" required><label for=\"wpforms-2678-field_5-last\" class=\"wpforms-field-sublabel after\">Nachname<\/label><\/div><\/div><\/fieldset><\/div><div id=\"wpforms-2678-field_6-container\" class=\"wpforms-field wpforms-field-text\" data-field-id=\"6\"><label class=\"wpforms-field-label\" for=\"wpforms-2678-field_6\">Geburtsdatum<\/label><input type=\"text\" id=\"wpforms-2678-field_6\" class=\"wpforms-field-medium\" name=\"wpforms[fields][6]\" aria-errormessage=\"wpforms-2678-field_6-error\" aria-describedby=\"wpforms-2678-field_6-description\" ><div id=\"wpforms-2678-field_6-description\" class=\"wpforms-field-description\">Geburtsdatum<\/div><\/div><div id=\"wpforms-2678-field_9-container\" class=\"wpforms-field wpforms-field-text\" data-field-id=\"9\"><label class=\"wpforms-field-label\" for=\"wpforms-2678-field_9\">Stra\u00dfe<\/label><input type=\"text\" id=\"wpforms-2678-field_9\" class=\"wpforms-field-medium\" name=\"wpforms[fields][9]\" aria-errormessage=\"wpforms-2678-field_9-error\" aria-describedby=\"wpforms-2678-field_9-description\" ><div id=\"wpforms-2678-field_9-description\" class=\"wpforms-field-description\">Stra\u00dfe<\/div><\/div><div id=\"wpforms-2678-field_10-container\" class=\"wpforms-field wpforms-field-text\" data-field-id=\"10\"><label class=\"wpforms-field-label\" for=\"wpforms-2678-field_10\">Postleitzahl<\/label><input type=\"text\" id=\"wpforms-2678-field_10\" class=\"wpforms-field-small\" name=\"wpforms[fields][10]\" aria-errormessage=\"wpforms-2678-field_10-error\" aria-describedby=\"wpforms-2678-field_10-description\" ><div id=\"wpforms-2678-field_10-description\" class=\"wpforms-field-description\">Postleitzahl<\/div><\/div><div id=\"wpforms-2678-field_11-container\" class=\"wpforms-field wpforms-field-text\" data-field-id=\"11\"><label class=\"wpforms-field-label\" for=\"wpforms-2678-field_11\">Stadt<\/label><input type=\"text\" id=\"wpforms-2678-field_11\" class=\"wpforms-field-medium\" name=\"wpforms[fields][11]\" aria-errormessage=\"wpforms-2678-field_11-error\" aria-describedby=\"wpforms-2678-field_11-description\" ><div id=\"wpforms-2678-field_11-description\" class=\"wpforms-field-description\">Stadt<\/div><\/div><div id=\"wpforms-2678-field_12-container\" class=\"wpforms-field wpforms-field-text\" data-field-id=\"12\"><label class=\"wpforms-field-label\" for=\"wpforms-2678-field_12\">Telefonnummer<\/label><input type=\"text\" id=\"wpforms-2678-field_12\" class=\"wpforms-field-medium\" name=\"wpforms[fields][12]\" aria-errormessage=\"wpforms-2678-field_12-error\" aria-describedby=\"wpforms-2678-field_12-description\" ><div id=\"wpforms-2678-field_12-description\" class=\"wpforms-field-description\">Telefonnummer<\/div><\/div><div id=\"wpforms-2678-field_1-container\" class=\"wpforms-field wpforms-field-email\" data-field-id=\"1\"><label class=\"wpforms-field-label\" for=\"wpforms-2678-field_1\">E-Mail-Adresse <span class=\"wpforms-required-label\" aria-hidden=\"true\">*<\/span><\/label><input type=\"email\" id=\"wpforms-2678-field_1\" class=\"wpforms-field-medium wpforms-field-required\" name=\"wpforms[fields][1]\" spellcheck=\"false\" aria-errormessage=\"wpforms-2678-field_1-error\" required><\/div><div id=\"wpforms-2678-field_14-container\" class=\"wpforms-field wpforms-field-select wpforms-field-select-style-classic\" data-field-id=\"14\"><label class=\"wpforms-field-label\" for=\"wpforms-2678-field_14\">Anrede (Partner\/in)<\/label><select id=\"wpforms-2678-field_14\" class=\"wpforms-field-medium\" name=\"wpforms[fields][14]\"><option value=\"Frau\"  class=\"choice-1 depth-1\"  >Frau<\/option><option value=\"Mann\"  class=\"choice-2 depth-1\"  >Mann<\/option><\/select><\/div><div id=\"wpforms-2678-field_15-container\" class=\"wpforms-field wpforms-field-name\" data-field-id=\"15\"><fieldset><legend class=\"wpforms-field-label\">Name (Partner\/in) <span class=\"wpforms-required-label\" aria-hidden=\"true\">*<\/span><\/legend><div class=\"wpforms-field-row wpforms-field-medium\"><div class=\"wpforms-field-row-block wpforms-first wpforms-one-half\"><input type=\"text\" id=\"wpforms-2678-field_15\" class=\"wpforms-field-name-first wpforms-field-required\" name=\"wpforms[fields][15][first]\" aria-errormessage=\"wpforms-2678-field_15-error\" required><label for=\"wpforms-2678-field_15\" class=\"wpforms-field-sublabel after\">Vorname<\/label><\/div><div class=\"wpforms-field-row-block wpforms-one-half\"><input type=\"text\" id=\"wpforms-2678-field_15-last\" class=\"wpforms-field-name-last wpforms-field-required\" name=\"wpforms[fields][15][last]\" aria-errormessage=\"wpforms-2678-field_15-last-error\" required><label for=\"wpforms-2678-field_15-last\" class=\"wpforms-field-sublabel after\">Nachname<\/label><\/div><\/div><\/fieldset><\/div><div id=\"wpforms-2678-field_16-container\" class=\"wpforms-field wpforms-field-text\" data-field-id=\"16\"><label class=\"wpforms-field-label\" for=\"wpforms-2678-field_16\">Geburtsdatum (Partner)<\/label><input type=\"text\" id=\"wpforms-2678-field_16\" class=\"wpforms-field-medium\" name=\"wpforms[fields][16]\" aria-errormessage=\"wpforms-2678-field_16-error\" aria-describedby=\"wpforms-2678-field_16-description\" ><div id=\"wpforms-2678-field_16-description\" class=\"wpforms-field-description\">Geburtsdatum (Partner)<\/div><\/div><div id=\"wpforms-2678-field_17-container\" class=\"wpforms-field wpforms-field-text\" data-field-id=\"17\"><label class=\"wpforms-field-label\" for=\"wpforms-2678-field_17\">Stra\u00dfe (Partner\/in)<\/label><input type=\"text\" id=\"wpforms-2678-field_17\" class=\"wpforms-field-medium\" name=\"wpforms[fields][17]\" aria-errormessage=\"wpforms-2678-field_17-error\" aria-describedby=\"wpforms-2678-field_17-description\" ><div id=\"wpforms-2678-field_17-description\" class=\"wpforms-field-description\">Stra\u00dfe (Partner\/in)<\/div><\/div><div id=\"wpforms-2678-field_18-container\" class=\"wpforms-field wpforms-field-text\" data-field-id=\"18\"><label class=\"wpforms-field-label\" for=\"wpforms-2678-field_18\">Postleitzahl (Partner\/in)<\/label><input type=\"text\" id=\"wpforms-2678-field_18\" class=\"wpforms-field-small\" name=\"wpforms[fields][18]\" aria-errormessage=\"wpforms-2678-field_18-error\" aria-describedby=\"wpforms-2678-field_18-description\" ><div id=\"wpforms-2678-field_18-description\" class=\"wpforms-field-description\">Postleitzahl (Partner\/in)\n<\/div><\/div><div id=\"wpforms-2678-field_19-container\" class=\"wpforms-field wpforms-field-text\" data-field-id=\"19\"><label class=\"wpforms-field-label\" for=\"wpforms-2678-field_19\">Ort (Partner\/in)<\/label><input type=\"text\" id=\"wpforms-2678-field_19\" class=\"wpforms-field-medium\" name=\"wpforms[fields][19]\" aria-errormessage=\"wpforms-2678-field_19-error\" aria-describedby=\"wpforms-2678-field_19-description\" ><div id=\"wpforms-2678-field_19-description\" class=\"wpforms-field-description\">Ort (Partner\/in)<\/div><\/div><div id=\"wpforms-2678-field_20-container\" class=\"wpforms-field wpforms-field-text\" data-field-id=\"20\"><label class=\"wpforms-field-label\" for=\"wpforms-2678-field_20\">Telefonnummer (Partner\/in)<\/label><input type=\"text\" id=\"wpforms-2678-field_20\" class=\"wpforms-field-medium\" name=\"wpforms[fields][20]\" aria-errormessage=\"wpforms-2678-field_20-error\" aria-describedby=\"wpforms-2678-field_20-description\" ><div id=\"wpforms-2678-field_20-description\" class=\"wpforms-field-description\">Telefonnummer (Partner\/in)<\/div><\/div><div id=\"wpforms-2678-field_22-container\" class=\"wpforms-field wpforms-field-email\" data-field-id=\"22\"><label class=\"wpforms-field-label\" for=\"wpforms-2678-field_22\">E-Mail (Partner\/in)<\/label><input type=\"email\" id=\"wpforms-2678-field_22\" class=\"wpforms-field-medium\" name=\"wpforms[fields][22]\" spellcheck=\"false\" aria-errormessage=\"wpforms-2678-field_22-error\" aria-describedby=\"wpforms-2678-field_22-description\" ><div id=\"wpforms-2678-field_22-description\" class=\"wpforms-field-description\">E-Mail (Partner\/in)<\/div><\/div><div id=\"wpforms-2678-field_23-container\" class=\"wpforms-field wpforms-field-checkbox wpforms-list-inline\" data-field-id=\"23\"><fieldset><legend class=\"wpforms-field-label\">Hier stimme ich den AGBs zu. <span class=\"wpforms-required-label\" aria-hidden=\"true\">*<\/span><\/legend><ul id=\"wpforms-2678-field_23\" class=\"wpforms-field-required\"><li class=\"choice-1 depth-1\"><input type=\"checkbox\" id=\"wpforms-2678-field_23_1\" name=\"wpforms[fields][23][]\" value=\"Zustimmen\" aria-errormessage=\"wpforms-2678-field_23_1-error\" aria-describedby=\"wpforms-2678-field_23-description\" required ><label class=\"wpforms-field-label-inline\" for=\"wpforms-2678-field_23_1\">Zustimmen<\/label><\/li><\/ul><div id=\"wpforms-2678-field_23-description\" class=\"wpforms-field-description wpforms-disclaimer-description\">Nutzungsbedienungen<br \/>\nTeilnahmebedingungen<br \/>\nWir danken Ihnen f\u00fcr Ihre verbindliche Anmeldung.<br \/>\n<br \/>\n1. Unterrichtserteilung<br \/>\n<br \/>\n1.1 Die Unterrichtserteilung f\u00fcr Clubs erfolgt an mindestens 38 Wochen im Jahr.<br \/>\n<br \/>\n1.2 In den Betriebsferien findet kein Unterricht statt.<br \/>\n<br \/>\n1.3 Die Tanzschule beh\u00e4lt sich \u00c4nderungen der Unterrichtskr\u00e4fte, -tage, -zeiten und S\u00e4le vor.<br \/>\n<br \/>\n2. Geb\u00fchren<br \/>\n2.1 Barzahlungen sind aus organisatorischen Gr\u00fcnden nicht m\u00f6glich.<br \/>\n<br \/>\n2.2 Einzugserm\u00e4chtigung: Die Abbuchnung des Beitrags erfolgt quartalsweise automatisch zur Quartalsmitte.<br \/>\n<br \/>\n2.3 Unterrichtsvers\u00e4umnisse aus Krankheits-, Urlaubs- oder anderen Gr\u00fcnden entbinden grunds\u00e4tzlich nicht von der Beitragszahlung.<br \/>\n<br \/>\n2.4 Der Monat Juli oder August (je nach Ferienplan) ist f\u00fcr die Kinder und Jugendclubs beitragsfrei.<br \/>\n<br \/>\n2.5 Die Mitgliesbeitr\u00e4ge k\u00f6nnen nach Vorank\u00fcndigung erh\u00f6ht werden.<br \/>\n<br \/>\n3. K\u00fcndigung<br \/>\n3.1 Die Mitgliedschaft im Club kann nur schriftlich mit einer Frist von vier Wochen zum Quartalsende gek\u00fcndigt werden.<\/div><\/fieldset><\/div><script>\n\t\t\t\t( function() {\n\t\t\t\t\tconst style = document.createElement( 'style' );\n\t\t\t\t\tstyle.appendChild( document.createTextNode( '#wpforms-2678-field_4-container { position: absolute !important; overflow: hidden !important; display: inline !important; height: 1px !important; width: 1px !important; z-index: -1000 !important; padding: 0 !important; } #wpforms-2678-field_4-container input { visibility: hidden; } #wpforms-conversational-form-page #wpforms-2678-field_4-container label { counter-increment: none; }' ) );\n\t\t\t\t\tdocument.head.appendChild( style );\n\t\t\t\t\tdocument.currentScript?.remove();\n\t\t\t\t} )();\n\t\t\t<\/script><\/div><!-- .wpforms-field-container --><div class=\"wpforms-recaptcha-container wpforms-is-recaptcha wpforms-is-recaptcha-type-v3\" ><input type=\"hidden\" name=\"wpforms[recaptcha]\" value=\"\"><\/div><div class=\"wpforms-submit-container\" ><input type=\"hidden\" name=\"wpforms[id]\" value=\"2678\"><input type=\"hidden\" name=\"page_title\" value=\"\"><input type=\"hidden\" name=\"page_url\" value=\"https:\/\/www.tshelfer.de\/index.php?rest_route=\/wp\/v2\/pages\/45\"><input type=\"hidden\" name=\"url_referer\" value=\"\"><button type=\"submit\" name=\"wpforms[submit]\" id=\"wpforms-submit-2678\" class=\"wpforms-submit\" data-alt-text=\"Wird gesendet\u00a0\u2026\" data-submit-text=\"Absenden\" aria-live=\"assertive\" value=\"wpforms-submit\">Absenden<\/button><img loading=\"lazy\" decoding=\"async\" src=\"https:\/\/www.tshelfer.de\/wp-content\/plugins\/wpforms-lite\/assets\/images\/submit-spin.svg\" class=\"wpforms-submit-spinner\" style=\"display: none;\" width=\"26\" height=\"26\" alt=\"Wird geladen\"><\/div><\/form><\/div>  <!-- .wpforms-container -->\n","protected":false},"excerpt":{"rendered":"<p>Melden Sie sich jetzt verbindlich zu unserem Kursus an.<\/p>\n","protected":false},"author":3,"featured_media":0,"parent":0,"menu_order":0,"comment_status":"closed","ping_status":"closed","template":"","meta":{"site-sidebar-layout":"default","site-content-layout":"default","ast-site-content-layout":"default","site-content-style":"default","site-sidebar-style":"default","ast-global-header-display":"","ast-banner-title-visibility":"","ast-main-header-display":"","ast-hfb-above-header-display":"","ast-hfb-below-header-display":"","ast-hfb-mobile-header-display":"","site-post-title":"","ast-breadcrumbs-content":"","ast-featured-img":"","footer-sml-layout":"","ast-disable-related-posts":"","theme-transparent-header-meta":"default","adv-header-id-meta":"","stick-header-meta":"","header-above-stick-meta":"","header-main-stick-meta":"","header-below-stick-meta":"","astra-migrate-meta-layouts":"set","ast-page-background-enabled":"default","ast-page-background-meta":{"desktop":{"background-color":"","background-image":"","background-repeat":"repeat","background-position":"center center","background-size":"auto","background-attachment":"scroll","background-type":"","background-media":"","overlay-type":"","overlay-color":"","overlay-opacity":"","overlay-gradient":""},"tablet":{"background-color":"","background-image":"","background-repeat":"repeat","background-position":"center center","background-size":"auto","background-attachment":"scroll","background-type":"","background-media":"","overlay-type":"","overlay-color":"","overlay-opacity":"","overlay-gradient":""},"mobile":{"background-color":"","background-image":"","background-repeat":"repeat","background-position":"center center","background-size":"auto","background-attachment":"scroll","background-type":"","background-media":"","overlay-type":"","overlay-color":"","overlay-opacity":"","overlay-gradient":""}},"ast-content-background-meta":{"desktop":{"background-color":"var(--ast-global-color-5)","background-image":"","background-repeat":"repeat","background-position":"center center","background-size":"auto","background-attachment":"scroll","background-type":"","background-media":"","overlay-type":"","overlay-color":"","overlay-opacity":"","overlay-gradient":""},"tablet":{"background-color":"var(--ast-global-color-5)","background-image":"","background-repeat":"repeat","background-position":"center center","background-size":"auto","background-attachment":"scroll","background-type":"","background-media":"","overlay-type":"","overlay-color":"","overlay-opacity":"","overlay-gradient":""},"mobile":{"background-color":"var(--ast-global-color-5)","background-image":"","background-repeat":"repeat","background-position":"center center","background-size":"auto","background-attachment":"scroll","background-type":"","background-media":"","overlay-type":"","overlay-color":"","overlay-opacity":"","overlay-gradient":""}},"footnotes":""},"class_list":["post-45","page","type-page","status-publish","hentry"],"_links":{"self":[{"href":"https:\/\/www.tshelfer.de\/index.php?rest_route=\/wp\/v2\/pages\/45","targetHints":{"allow":["GET"]}}],"collection":[{"href":"https:\/\/www.tshelfer.de\/index.php?rest_route=\/wp\/v2\/pages"}],"about":[{"href":"https:\/\/www.tshelfer.de\/index.php?rest_route=\/wp\/v2\/types\/page"}],"author":[{"embeddable":true,"href":"https:\/\/www.tshelfer.de\/index.php?rest_route=\/wp\/v2\/users\/3"}],"replies":[{"embeddable":true,"href":"https:\/\/www.tshelfer.de\/index.php?rest_route=%2Fwp%2Fv2%2Fcomments&post=45"}],"version-history":[{"count":13,"href":"https:\/\/www.tshelfer.de\/index.php?rest_route=\/wp\/v2\/pages\/45\/revisions"}],"predecessor-version":[{"id":2690,"href":"https:\/\/www.tshelfer.de\/index.php?rest_route=\/wp\/v2\/pages\/45\/revisions\/2690"}],"wp:attachment":[{"href":"https:\/\/www.tshelfer.de\/index.php?rest_route=%2Fwp%2Fv2%2Fmedia&parent=45"}],"curies":[{"name":"wp","href":"https:\/\/api.w.org\/{rel}","templated":true}]}}