{"id":29,"date":"2014-02-06T11:26:37","date_gmt":"2014-02-06T11:26:37","guid":{"rendered":"http:\/\/dev.tshelfer.de\/?page_id=29"},"modified":"2025-12-09T20:02:00","modified_gmt":"2025-12-09T20:02:00","slug":"hochzeitskurse","status":"publish","type":"page","link":"https:\/\/www.tshelfer.de\/?page_id=29","title":{"rendered":"Hochzeitskurse"},"content":{"rendered":"<h2><\/h2>\n<p><strong>Bei uns lernen Sie in netter, ungezwungener Atmosp\u00e4re alles was Sie f\u00fcr Ihre Hochzeit brauchen!<\/strong><\/p>\n<p><strong>Vom klassischen Walzer bis hin zum spritzigen Discofox &#8230;. wir machen Sie fit f\u00fcr Ihre Hochzeit!!!<\/strong><\/p>\n<h2>Hochzeitskurse<\/h2>\n<p>\n<table id=\"tablepress-S_Hochzeit\" class=\"tablepress tablepress-id-S_Hochzeit\">\n<tbody class=\"row-hover\">\n<tr class=\"row-1\">\n\t<td class=\"column-1\">Kurs-Nr.<\/td><td class=\"column-2\">Tag<\/td><td class=\"column-3\">Starttermin<\/td><td class=\"column-4\">Uhrzeit<\/td>\n<\/tr>\n<tr class=\"row-2\">\n\t<td class=\"column-1\">H15*<\/td><td class=\"column-2\">Freitag<\/td><td class=\"column-3\">17.04.2026<\/td><td class=\"column-4\">20:45 Uhr<\/td>\n<\/tr>\n<tr class=\"row-3\">\n\t<td class=\"column-1\">H17*<\/td><td class=\"column-2\">Sonntag<\/td><td class=\"column-3\">31.05.2026<\/td><td class=\"column-4\">15:45 Uhr<\/td>\n<\/tr>\n<tr class=\"row-4\">\n\t<td class=\"column-1\">H14*<\/td><td class=\"column-2\">Donnerstag<\/td><td class=\"column-3\">18.06.2026<\/td><td class=\"column-4\">20:30 Uhr<\/td>\n<\/tr>\n<\/tbody>\n<\/table>\n<br \/>\n<strong>4\u00d790 Minuten\u00a0 \u20ac 55,\u2013 pro Person<\/strong><\/p>\n<p><strong>* 5&#215;60 Minuten\u00a0 \u20ac 55,- pro Person<\/strong><\/p>\n<p><strong>Bei speziellen W\u00fcnschen fragen Sie einfach nach Privatstunden!!!<\/strong><\/p>\n<p>&nbsp;<\/p>\n<p>Termin\u00e4nderungen vorbehalten! Kurse werden nur bei ausreichender Teilnehmerzahl und vorheriger Anmeldung durchgef\u00fchrt!<\/p>\n<p>In den Schulferien und an Feiertagen findet kein Unterricht statt!<\/p>\n","protected":false},"excerpt":{"rendered":"<p>Bei uns lernen Sie in netter, ungezwungener Atmosp\u00e4re alles was Sie f\u00fcr Ihre Hochzeit brauchen! Vom klassischen Walzer bis hin zum spritzigen Discofox &#8230;. wir machen Sie fit f\u00fcr Ihre Hochzeit!!! Hochzeitskurse 4\u00d790 Minuten\u00a0 \u20ac 55,\u2013 pro Person * 5&#215;60 Minuten\u00a0 \u20ac 55,- pro Person Bei speziellen W\u00fcnschen fragen Sie einfach nach Privatstunden!!! &nbsp; Termin\u00e4nderungen [&hellip;]<\/p>\n","protected":false},"author":3,"featured_media":0,"parent":0,"menu_order":0,"comment_status":"closed","ping_status":"closed","template":"","meta":{"site-sidebar-layout":"default","site-content-layout":"default","ast-site-content-layout":"default","site-content-style":"default","site-sidebar-style":"default","ast-global-header-display":"","ast-banner-title-visibility":"","ast-main-header-display":"","ast-hfb-above-header-display":"","ast-hfb-below-header-display":"","ast-hfb-mobile-header-display":"","site-post-title":"","ast-breadcrumbs-content":"","ast-featured-img":"","footer-sml-layout":"","ast-disable-related-posts":"","theme-transparent-header-meta":"default","adv-header-id-meta":"","stick-header-meta":"","header-above-stick-meta":"","header-main-stick-meta":"","header-below-stick-meta":"","astra-migrate-meta-layouts":"set","ast-page-background-enabled":"default","ast-page-background-meta":{"desktop":{"background-color":"","background-image":"","background-repeat":"repeat","background-position":"center center","background-size":"auto","background-attachment":"scroll","background-type":"","background-media":"","overlay-type":"","overlay-color":"","overlay-opacity":"","overlay-gradient":""},"tablet":{"background-color":"","background-image":"","background-repeat":"repeat","background-position":"center center","background-size":"auto","background-attachment":"scroll","background-type":"","background-media":"","overlay-type":"","overlay-color":"","overlay-opacity":"","overlay-gradient":""},"mobile":{"background-color":"","background-image":"","background-repeat":"repeat","background-position":"center center","background-size":"auto","background-attachment":"scroll","background-type":"","background-media":"","overlay-type":"","overlay-color":"","overlay-opacity":"","overlay-gradient":""}},"ast-content-background-meta":{"desktop":{"background-color":"var(--ast-global-color-5)","background-image":"","background-repeat":"repeat","background-position":"center center","background-size":"auto","background-attachment":"scroll","background-type":"","background-media":"","overlay-type":"","overlay-color":"","overlay-opacity":"","overlay-gradient":""},"tablet":{"background-color":"var(--ast-global-color-5)","background-image":"","background-repeat":"repeat","background-position":"center center","background-size":"auto","background-attachment":"scroll","background-type":"","background-media":"","overlay-type":"","overlay-color":"","overlay-opacity":"","overlay-gradient":""},"mobile":{"background-color":"var(--ast-global-color-5)","background-image":"","background-repeat":"repeat","background-position":"center center","background-size":"auto","background-attachment":"scroll","background-type":"","background-media":"","overlay-type":"","overlay-color":"","overlay-opacity":"","overlay-gradient":""}},"footnotes":""},"class_list":["post-29","page","type-page","status-publish","hentry"],"_links":{"self":[{"href":"https:\/\/www.tshelfer.de\/index.php?rest_route=\/wp\/v2\/pages\/29","targetHints":{"allow":["GET"]}}],"collection":[{"href":"https:\/\/www.tshelfer.de\/index.php?rest_route=\/wp\/v2\/pages"}],"about":[{"href":"https:\/\/www.tshelfer.de\/index.php?rest_route=\/wp\/v2\/types\/page"}],"author":[{"embeddable":true,"href":"https:\/\/www.tshelfer.de\/index.php?rest_route=\/wp\/v2\/users\/3"}],"replies":[{"embeddable":true,"href":"https:\/\/www.tshelfer.de\/index.php?rest_route=%2Fwp%2Fv2%2Fcomments&post=29"}],"version-history":[{"count":22,"href":"https:\/\/www.tshelfer.de\/index.php?rest_route=\/wp\/v2\/pages\/29\/revisions"}],"predecessor-version":[{"id":2764,"href":"https:\/\/www.tshelfer.de\/index.php?rest_route=\/wp\/v2\/pages\/29\/revisions\/2764"}],"wp:attachment":[{"href":"https:\/\/www.tshelfer.de\/index.php?rest_route=%2Fwp%2Fv2%2Fmedia&parent=29"}],"curies":[{"name":"wp","href":"https:\/\/api.w.org\/{rel}","templated":true}]}}