{"id":21,"date":"2014-02-06T11:21:18","date_gmt":"2014-02-06T11:21:18","guid":{"rendered":"http:\/\/dev.tshelfer.de\/?page_id=21"},"modified":"2025-11-22T22:16:36","modified_gmt":"2025-11-22T22:16:36","slug":"kinderkurse","status":"publish","type":"page","link":"https:\/\/www.tshelfer.de\/?page_id=21","title":{"rendered":"Kinderkurse"},"content":{"rendered":"<p><img loading=\"lazy\" decoding=\"async\" class=\"alignnone wp-image-139\" src=\"http:\/\/www.tshelfer.de\/wp-content\/uploads\/2015\/02\/Kindertanzwelt.jpg\" alt=\"Kindertanzwelt\" width=\"410\" height=\"133\" \/><\/p>\n<p>&nbsp;<\/p>\n<p>Unser Ziel ist es, die ganzheitliche Entwicklung der Kinder zu f\u00f6rdern. Rhythmik, K\u00f6rperhaltung und die motorische Entwicklung werden durch spezielle Spiele und T\u00e4nze gef\u00f6rdert und trainiert.<\/p>\n<p>Das spielerische Heranf\u00fchren ist wichtig, damit die Kinder nicht den Spass an der Sache verlieren. Die Kreativit\u00e4t der Kinder, ihr bildliches und logisches Denken, sowie der soziale Kontakt untereinander werden ebenfalls gef\u00f6rdert.<\/p>\n<p>Um ein optimales Training f\u00fcr die Kinder gew\u00e4hrleisten zu k\u00f6nnen, bitten wir Sie<strong> Turnschuhe<\/strong> und<strong> Sportkleidung<\/strong> f\u00fcr die Kleinen mitzubringen!<\/p>\n<p>&nbsp;<\/p>\n<h2>Club: Kindertanzen 4-6 Jahre<\/h2>\n\n<table id=\"tablepress-K_4-6\" class=\"tablepress tablepress-id-K_4-6\">\n<tbody class=\"row-hover\">\n<tr class=\"row-1\">\n\t<td class=\"column-1\">Kurs-Nr.<\/td><td class=\"column-2\">Tag<\/td><td class=\"column-3\">Uhrzeit<\/td>\n<\/tr>\n<tr class=\"row-2\">\n\t<td class=\"column-1\">KC3  <\/td><td class=\"column-2\">Montag <\/td><td class=\"column-3\">16:30 Uhr Ausgebucht!!!<\/td>\n<\/tr>\n<tr class=\"row-3\">\n\t<td class=\"column-1\">KC1 <\/td><td class=\"column-2\">Dienstag <\/td><td class=\"column-3\">15:30 Uhr <\/td>\n<\/tr>\n<\/tbody>\n<\/table>\n<!-- #tablepress-K_4-6 from cache -->\n<p><strong>w\u00f6chentlich 45 Minuten, mtl. \u20ac26,\u2013 pro Person<\/strong><br \/>\nEinstieg nach Absprache, 1 kostenlose Probestunde<\/p>\n<p>&nbsp;<\/p>\n<h2>Club: Kindertanzen 6-8 Jahre<\/h2>\n<p><strong>\n<table id=\"tablepress-K_6-8\" class=\"tablepress tablepress-id-K_6-8\">\n<tbody class=\"row-hover\">\n<tr class=\"row-1\">\n\t<td class=\"column-1\">Kurs-Nr.<\/td><td class=\"column-2\">Tag<\/td><td class=\"column-3\">Uhrzeit<\/td>\n<\/tr>\n<tr class=\"row-2\">\n\t<td class=\"column-1\">KCH <\/td><td class=\"column-2\">Dienstag <\/td><td class=\"column-3\">15:30 Uhr <\/td>\n<\/tr>\n<tr class=\"row-3\">\n\t<td class=\"column-1\">KC5 <\/td><td class=\"column-2\">Freitag <\/td><td class=\"column-3\">16:15 Uhr<\/td>\n<\/tr>\n<\/tbody>\n<\/table>\n<!-- #tablepress-K_6-8 from cache --><\/strong><\/p>\n<p><strong>w\u00f6chentlich 45 Minuten, mtl. \u20ac26,\u2013 pro Person<\/strong><br \/>\nEinstieg nach Absprache, 1 kostenlose Probestunde<\/p>\n<p>&nbsp;<\/p>\n<h2><\/h2>\n<h2>Videoclipdancing Kids<\/h2>\n\n<table id=\"tablepress-K_VC\" class=\"tablepress tablepress-id-K_VC\">\n<tbody class=\"row-hover\">\n<tr class=\"row-1\">\n\t<td class=\"column-1\">Kurs-Nr.<\/td><td class=\"column-2\">Tag<\/td><td class=\"column-3\">Uhrzeit<\/td><td class=\"column-4\">Alter<\/td>\n<\/tr>\n<tr class=\"row-2\">\n\t<td class=\"column-1\">KCO<\/td><td class=\"column-2\">Montag<\/td><td class=\"column-3\">17:30 Uhr<\/td><td class=\"column-4\">8-10 Jahre<\/td>\n<\/tr>\n<tr class=\"row-3\">\n\t<td class=\"column-1\">KCK<\/td><td class=\"column-2\">Dienstag <\/td><td class=\"column-3\">16:30 Uhr<\/td><td class=\"column-4\">8-10 Jahre <\/td>\n<\/tr>\n<tr class=\"row-4\">\n\t<td class=\"column-1\">KCL<\/td><td class=\"column-2\">Dienstag<\/td><td class=\"column-3\">17:45 Uhr<\/td><td class=\"column-4\">11-13 Jahre<\/td>\n<\/tr>\n<\/tbody>\n<\/table>\n<!-- #tablepress-K_VC from cache -->\n<p><strong>w\u00f6chentlich 60 Minuten, mtl. \u20ac26,\u2013 pro Person<\/strong><br \/>\nEinstieg nach Absprache, 1 kostenlose Probestunde<\/p>\n<p>&nbsp;<\/p>\n<p>&nbsp;<\/p>\n","protected":false},"excerpt":{"rendered":"<p>&nbsp; Unser Ziel ist es, die ganzheitliche Entwicklung der Kinder zu f\u00f6rdern. Rhythmik, K\u00f6rperhaltung und die motorische Entwicklung werden durch spezielle Spiele und T\u00e4nze gef\u00f6rdert und trainiert. Das spielerische Heranf\u00fchren ist wichtig, damit die Kinder nicht den Spass an der Sache verlieren. Die Kreativit\u00e4t der Kinder, ihr bildliches und logisches Denken, sowie der soziale Kontakt [&hellip;]<\/p>\n","protected":false},"author":3,"featured_media":0,"parent":0,"menu_order":0,"comment_status":"closed","ping_status":"closed","template":"","meta":{"site-sidebar-layout":"default","site-content-layout":"default","ast-site-content-layout":"default","site-content-style":"default","site-sidebar-style":"default","ast-global-header-display":"","ast-banner-title-visibility":"","ast-main-header-display":"","ast-hfb-above-header-display":"","ast-hfb-below-header-display":"","ast-hfb-mobile-header-display":"","site-post-title":"","ast-breadcrumbs-content":"","ast-featured-img":"","footer-sml-layout":"","ast-disable-related-posts":"","theme-transparent-header-meta":"default","adv-header-id-meta":"","stick-header-meta":"","header-above-stick-meta":"","header-main-stick-meta":"","header-below-stick-meta":"","astra-migrate-meta-layouts":"set","ast-page-background-enabled":"default","ast-page-background-meta":{"desktop":{"background-color":"","background-image":"","background-repeat":"repeat","background-position":"center center","background-size":"auto","background-attachment":"scroll","background-type":"","background-media":"","overlay-type":"","overlay-color":"","overlay-opacity":"","overlay-gradient":""},"tablet":{"background-color":"","background-image":"","background-repeat":"repeat","background-position":"center center","background-size":"auto","background-attachment":"scroll","background-type":"","background-media":"","overlay-type":"","overlay-color":"","overlay-opacity":"","overlay-gradient":""},"mobile":{"background-color":"","background-image":"","background-repeat":"repeat","background-position":"center center","background-size":"auto","background-attachment":"scroll","background-type":"","background-media":"","overlay-type":"","overlay-color":"","overlay-opacity":"","overlay-gradient":""}},"ast-content-background-meta":{"desktop":{"background-color":"var(--ast-global-color-5)","background-image":"","background-repeat":"repeat","background-position":"center center","background-size":"auto","background-attachment":"scroll","background-type":"","background-media":"","overlay-type":"","overlay-color":"","overlay-opacity":"","overlay-gradient":""},"tablet":{"background-color":"var(--ast-global-color-5)","background-image":"","background-repeat":"repeat","background-position":"center center","background-size":"auto","background-attachment":"scroll","background-type":"","background-media":"","overlay-type":"","overlay-color":"","overlay-opacity":"","overlay-gradient":""},"mobile":{"background-color":"var(--ast-global-color-5)","background-image":"","background-repeat":"repeat","background-position":"center center","background-size":"auto","background-attachment":"scroll","background-type":"","background-media":"","overlay-type":"","overlay-color":"","overlay-opacity":"","overlay-gradient":""}},"footnotes":""},"class_list":["post-21","page","type-page","status-publish","hentry"],"_links":{"self":[{"href":"https:\/\/www.tshelfer.de\/index.php?rest_route=\/wp\/v2\/pages\/21","targetHints":{"allow":["GET"]}}],"collection":[{"href":"https:\/\/www.tshelfer.de\/index.php?rest_route=\/wp\/v2\/pages"}],"about":[{"href":"https:\/\/www.tshelfer.de\/index.php?rest_route=\/wp\/v2\/types\/page"}],"author":[{"embeddable":true,"href":"https:\/\/www.tshelfer.de\/index.php?rest_route=\/wp\/v2\/users\/3"}],"replies":[{"embeddable":true,"href":"https:\/\/www.tshelfer.de\/index.php?rest_route=%2Fwp%2Fv2%2Fcomments&post=21"}],"version-history":[{"count":26,"href":"https:\/\/www.tshelfer.de\/index.php?rest_route=\/wp\/v2\/pages\/21\/revisions"}],"predecessor-version":[{"id":2745,"href":"https:\/\/www.tshelfer.de\/index.php?rest_route=\/wp\/v2\/pages\/21\/revisions\/2745"}],"wp:attachment":[{"href":"https:\/\/www.tshelfer.de\/index.php?rest_route=%2Fwp%2Fv2%2Fmedia&parent=21"}],"curies":[{"name":"wp","href":"https:\/\/api.w.org\/{rel}","templated":true}]}}