{"id":19,"date":"2014-02-06T11:20:59","date_gmt":"2014-02-06T11:20:59","guid":{"rendered":"http:\/\/dev.tshelfer.de\/?page_id=19"},"modified":"2025-12-09T20:03:20","modified_gmt":"2025-12-09T20:03:20","slug":"jugendliche","status":"publish","type":"page","link":"https:\/\/www.tshelfer.de\/?page_id=19","title":{"rendered":"Jugendliche"},"content":{"rendered":"<p><strong>Das Tanzen f\u00fcr Sch\u00fcler ist eine ideale Erg\u00e4nzung und ein optimaler Ausgleich zum heutigen Schulstress.<\/strong><\/p>\n<p><strong>Neben unseren klassischen Standard\/Lateinkursen k\u00f6nnen sich die Sch\u00fcler auch bei Videoclip, Zumba und Salsa auspowern!<\/strong><\/p>\n<h4>Abiballvorbereitung auf Anfrage &#8211; sprechen Sie uns an !!!<\/h4>\n<div id=\"page\">\n<div>\n<h2><\/h2>\n<h2>Grundkursus Stufe I<\/h2>\n<p>\n<table id=\"tablepress-SL_J_G\" class=\"tablepress tablepress-id-SL_J_G\">\n<tbody class=\"row-hover\">\n<tr class=\"row-1\">\n\t<td class=\"column-1\">Kurs-Nr.<\/td><td class=\"column-2\">Tag<\/td><td class=\"column-3\">Startermin<\/td><td class=\"column-4\">Uhrzeit<\/td>\n<\/tr>\n<tr class=\"row-2\">\n\t<td class=\"column-1\">J16<\/td><td class=\"column-2\">Samstag<\/td><td class=\"column-3\">25.04.2026<\/td><td class=\"column-4\">15:30 Uhr<\/td>\n<\/tr>\n<\/tbody>\n<\/table>\n<!-- #tablepress-SL_J_G from cache --><br \/>\n<strong>\u00a0\u00a0 8\u00d790 Minuten, \u20ac 102,\u2013 pro Person<\/strong><\/p>\n<p><strong>* 10&#215;60 Minuten, \u20ac 102,- pro Person<\/strong><\/p>\n<h2>Fortgeschrittenenkursus Stufe II<\/h2>\n\n<table id=\"tablepress-SL_J_F\" class=\"tablepress tablepress-id-SL_J_F\">\n<tbody class=\"row-hover\">\n<tr class=\"row-1\">\n\t<td class=\"column-1\">Kurs-Nr.<\/td><td class=\"column-2\">Tag<\/td><td class=\"column-3\">Starttermin<\/td><td class=\"column-4\">Uhrzeit<\/td>\n<\/tr>\n<tr class=\"row-2\">\n\t<td class=\"column-1\">J23*<\/td><td class=\"column-2\">Mittwoch<\/td><td class=\"column-3\">10.06.2026<\/td><td class=\"column-4\">17:00 Uhr<\/td>\n<\/tr>\n<\/tbody>\n<\/table>\n<!-- #tablepress-SL_J_F from cache -->\n<p><strong>\u00a0\u00a0 8\u00d790 Minuten, \u20ac 91,\u2013 pro Person<\/strong><\/p>\n<p><strong>* 10&#215;60 Minuten, \u20ac 91,- pro Person<\/strong><\/p>\n<h2>&#8211; Medaillenkurse &#8211;<\/h2>\n<h2>Bronzekursus Stufe III<\/h2>\n\n<table id=\"tablepress-SL_J_B\" class=\"tablepress tablepress-id-SL_J_B\">\n<tbody class=\"row-hover\">\n<tr class=\"row-1\">\n\t<td class=\"column-1\">Kurs-Nr.<\/td><td class=\"column-2\">Tag<\/td><td class=\"column-3\">Starttermin<\/td><td class=\"column-4\">Uhrzeit<\/td>\n<\/tr>\n<tr class=\"row-2\">\n\t<td class=\"column-1\">J33*<\/td><td class=\"column-2\">Mittwoch<\/td><td class=\"column-3\">17.06.2026<\/td><td class=\"column-4\">18:00 Uhr<\/td>\n<\/tr>\n<\/tbody>\n<\/table>\n<!-- #tablepress-SL_J_B from cache -->\n<p><strong>\u00a0 8\u00d790 Minuten, \u20ac 91,\u2013 pro Person<\/strong><\/p>\n<p><strong>* 10&#215;60 Minuten, 91,- pro Person<\/strong><\/p>\n<h2>Silberkursus Stufe IV<\/h2>\n\n<table id=\"tablepress-SL_J_S\" class=\"tablepress tablepress-id-SL_J_S\">\n<tbody class=\"row-hover\">\n<tr class=\"row-1\">\n\t<td class=\"column-1\">Kurs-Nr.<\/td><td class=\"column-2\">Tag<\/td><td class=\"column-3\">Starttermin<\/td><td class=\"column-4\">Uhrzeit<\/td>\n<\/tr>\n<\/tbody>\n<\/table>\n<!-- #tablepress-SL_J_S from cache -->\n<p><strong>8\u00d790 Minuten, \u20ac 91,\u2013 pro Person<\/strong><\/p>\n<p><strong>* 10&#215;60 Minuten, 91,- pro Person<\/strong><\/p>\n<h2><\/h2>\n<h2>Goldkursus Stufe V<\/h2>\n\n<table id=\"tablepress-SL_J_GO\" class=\"tablepress tablepress-id-SL_J_GO\">\n<tbody class=\"row-hover\">\n<tr class=\"row-1\">\n\t<td class=\"column-1\">Kurs-Nr.<\/td><td class=\"column-2\">Tag<\/td><td class=\"column-3\">Starttermin<\/td><td class=\"column-4\">Uhrzeit<\/td>\n<\/tr>\n<\/tbody>\n<\/table>\n<!-- #tablepress-SL_J_GO from cache -->\n<p><strong>8\u00d790 Minuten, \u20ac 91,\u2013 pro Person<\/strong><\/p>\n<p><strong>* 10&#215;60 Minuten, 91,- pro Person<\/strong><\/p>\n<h2>Goldstarkursus Stufe VI<\/h2>\n\n<table id=\"tablepress-SL_J_GOS\" class=\"tablepress tablepress-id-SL_J_GOS\">\n<tbody class=\"row-hover\">\n<tr class=\"row-1\">\n\t<td class=\"column-1\">Kurs-Nr.<\/td><td class=\"column-2\">Tag<\/td><td class=\"column-3\">Starttermin<\/td><td class=\"column-4\">Uhrzeit<\/td>\n<\/tr>\n<tr class=\"row-2\">\n\t<td class=\"column-1\">J64*<\/td><td class=\"column-2\">Donnerstag<\/td><td class=\"column-3\">11.06.2026<\/td><td class=\"column-4\">18:00 Uhr<\/td>\n<\/tr>\n<\/tbody>\n<\/table>\n<!-- #tablepress-SL_J_GOS from cache -->\n<p><strong>8\u00d790 Minuten, \u20ac 91,\u2013 pro Person<\/strong><\/p>\n<p><strong>* 10&#215;60 Minuten, 91,- pro Person<\/strong><\/p>\n<\/div>\n<\/div>\n<p>&nbsp;<\/p>\n<div id=\"page\">\n<div>\n<p>Termin\u00e4nderungen vorbehalten! Kurse werden nur bei ausreichender Teilnehmerzahl und vorheriger Anmeldung durchgef\u00fchrt!<\/p>\n<p>In den Schulferien und an Feiertagen findet kein Unterricht statt!<\/p>\n<\/div>\n<\/div>\n","protected":false},"excerpt":{"rendered":"<p>Das Tanzen f\u00fcr Sch\u00fcler ist eine ideale Erg\u00e4nzung und ein optimaler Ausgleich zum heutigen Schulstress. Neben unseren klassischen Standard\/Lateinkursen k\u00f6nnen sich die Sch\u00fcler auch bei Videoclip, Zumba und Salsa auspowern! Abiballvorbereitung auf Anfrage &#8211; sprechen Sie uns an !!! Grundkursus Stufe I \u00a0\u00a0 8\u00d790 Minuten, \u20ac 102,\u2013 pro Person * 10&#215;60 Minuten, \u20ac 102,- pro [&hellip;]<\/p>\n","protected":false},"author":3,"featured_media":0,"parent":0,"menu_order":0,"comment_status":"closed","ping_status":"closed","template":"","meta":{"site-sidebar-layout":"default","site-content-layout":"default","ast-site-content-layout":"default","site-content-style":"default","site-sidebar-style":"default","ast-global-header-display":"","ast-banner-title-visibility":"","ast-main-header-display":"","ast-hfb-above-header-display":"","ast-hfb-below-header-display":"","ast-hfb-mobile-header-display":"","site-post-title":"","ast-breadcrumbs-content":"","ast-featured-img":"","footer-sml-layout":"","ast-disable-related-posts":"","theme-transparent-header-meta":"default","adv-header-id-meta":"","stick-header-meta":"","header-above-stick-meta":"","header-main-stick-meta":"","header-below-stick-meta":"","astra-migrate-meta-layouts":"set","ast-page-background-enabled":"default","ast-page-background-meta":{"desktop":{"background-color":"","background-image":"","background-repeat":"repeat","background-position":"center center","background-size":"auto","background-attachment":"scroll","background-type":"","background-media":"","overlay-type":"","overlay-color":"","overlay-opacity":"","overlay-gradient":""},"tablet":{"background-color":"","background-image":"","background-repeat":"repeat","background-position":"center center","background-size":"auto","background-attachment":"scroll","background-type":"","background-media":"","overlay-type":"","overlay-color":"","overlay-opacity":"","overlay-gradient":""},"mobile":{"background-color":"","background-image":"","background-repeat":"repeat","background-position":"center center","background-size":"auto","background-attachment":"scroll","background-type":"","background-media":"","overlay-type":"","overlay-color":"","overlay-opacity":"","overlay-gradient":""}},"ast-content-background-meta":{"desktop":{"background-color":"var(--ast-global-color-5)","background-image":"","background-repeat":"repeat","background-position":"center center","background-size":"auto","background-attachment":"scroll","background-type":"","background-media":"","overlay-type":"","overlay-color":"","overlay-opacity":"","overlay-gradient":""},"tablet":{"background-color":"var(--ast-global-color-5)","background-image":"","background-repeat":"repeat","background-position":"center center","background-size":"auto","background-attachment":"scroll","background-type":"","background-media":"","overlay-type":"","overlay-color":"","overlay-opacity":"","overlay-gradient":""},"mobile":{"background-color":"var(--ast-global-color-5)","background-image":"","background-repeat":"repeat","background-position":"center center","background-size":"auto","background-attachment":"scroll","background-type":"","background-media":"","overlay-type":"","overlay-color":"","overlay-opacity":"","overlay-gradient":""}},"footnotes":""},"class_list":["post-19","page","type-page","status-publish","hentry"],"_links":{"self":[{"href":"https:\/\/www.tshelfer.de\/index.php?rest_route=\/wp\/v2\/pages\/19","targetHints":{"allow":["GET"]}}],"collection":[{"href":"https:\/\/www.tshelfer.de\/index.php?rest_route=\/wp\/v2\/pages"}],"about":[{"href":"https:\/\/www.tshelfer.de\/index.php?rest_route=\/wp\/v2\/types\/page"}],"author":[{"embeddable":true,"href":"https:\/\/www.tshelfer.de\/index.php?rest_route=\/wp\/v2\/users\/3"}],"replies":[{"embeddable":true,"href":"https:\/\/www.tshelfer.de\/index.php?rest_route=%2Fwp%2Fv2%2Fcomments&post=19"}],"version-history":[{"count":36,"href":"https:\/\/www.tshelfer.de\/index.php?rest_route=\/wp\/v2\/pages\/19\/revisions"}],"predecessor-version":[{"id":2767,"href":"https:\/\/www.tshelfer.de\/index.php?rest_route=\/wp\/v2\/pages\/19\/revisions\/2767"}],"wp:attachment":[{"href":"https:\/\/www.tshelfer.de\/index.php?rest_route=%2Fwp%2Fv2%2Fmedia&parent=19"}],"curies":[{"name":"wp","href":"https:\/\/api.w.org\/{rel}","templated":true}]}}