{"id":17,"date":"2014-02-06T11:20:30","date_gmt":"2014-02-06T11:20:30","guid":{"rendered":"http:\/\/dev.tshelfer.de\/?page_id=17"},"modified":"2025-12-09T20:02:55","modified_gmt":"2025-12-09T20:02:55","slug":"erwachsene","status":"publish","type":"page","link":"https:\/\/www.tshelfer.de\/?page_id=17","title":{"rendered":"Erwachsene"},"content":{"rendered":"<p><strong>Bei uns lernen Sie in netter, ungezwungener Atmosph\u00e4re ein abwechslungsreiches Gesellschaftstanzprogramm.<\/strong><br \/>\n<strong> Vom klassischen Walzer und Foxtrott \u00fcber den lateinamerikanischen Cha-Cha-Cha bis hin zu Samba und Discofox machen wir Sie fit f\u00fcr jede Party.<\/strong><br \/>\n<strong> In unseren Aufbaukursen vertiefen wir das bisher gelernte und erg\u00e4nzen Ihr Repertoire um weitere attraktive Figuren. W\u00e4hrend einer geselligen Pause trifft man Freunde oder lernt neue nette Leute kennen.<\/strong><\/p>\n<h2>Grundkursus Stufe I<\/h2>\n\n<table id=\"tablepress-SL_E_G\" class=\"tablepress tablepress-id-SL_E_G\">\n<tbody class=\"row-hover\">\n<tr class=\"row-1\">\n\t<td class=\"column-1\">Kurs-Nr.<\/td><td class=\"column-2\">Tag<\/td><td class=\"column-3\">Starttermin<\/td><td class=\"column-4\">Uhrzeit<\/td>\n<\/tr>\n<tr class=\"row-2\">\n\t<td class=\"column-1\">E15*<\/td><td class=\"column-2\">Freitag<\/td><td class=\"column-3\">17.04.2026<\/td><td class=\"column-4\">20:45 Uhr<\/td>\n<\/tr>\n<tr class=\"row-3\">\n\t<td class=\"column-1\">E17*<\/td><td class=\"column-2\">Sonntag<\/td><td class=\"column-3\">31.05.2026<\/td><td class=\"column-4\">15:45 Uhr<\/td>\n<\/tr>\n<tr class=\"row-4\">\n\t<td class=\"column-1\">E14*<\/td><td class=\"column-2\">Donnerstag<\/td><td class=\"column-3\">18.06.2026<\/td><td class=\"column-4\">20:30 Uhr<\/td>\n<\/tr>\n<\/tbody>\n<\/table>\n<!-- #tablepress-SL_E_G from cache -->\n<h2>Fortgeschrittenenkursus Stufe II<\/h2>\n\n<table id=\"tablepress-SL_E_F\" class=\"tablepress tablepress-id-SL_E_F\">\n<tbody class=\"row-hover\">\n<tr class=\"row-1\">\n\t<td class=\"column-1\">Kurs-Nr.<\/td><td class=\"column-2\">Tag<\/td><td class=\"column-3\">Starttermin<\/td><td class=\"column-4\">Uhrzeit<\/td>\n<\/tr>\n<tr class=\"row-2\">\n\t<td class=\"column-1\">E21*<\/td><td class=\"column-2\">Montag<\/td><td class=\"column-3\">18.05.2026<\/td><td class=\"column-4\">19:15 Uhr<\/td>\n<\/tr>\n<\/tbody>\n<\/table>\n<!-- #tablepress-SL_E_F from cache -->\n<h2>Bronzekursus Stufe III<\/h2>\n\n<table id=\"tablepress-SL_E_B\" class=\"tablepress tablepress-id-SL_E_B\">\n<tbody class=\"row-hover\">\n<tr class=\"row-1\">\n\t<td class=\"column-1\">Kurs-Nr.<\/td><td class=\"column-2\">Tag<\/td><td class=\"column-3\">Starttermin<\/td><td class=\"column-4\">Uhrzeit<\/td>\n<\/tr>\n<tr class=\"row-2\">\n\t<td class=\"column-1\">E37*<\/td><td class=\"column-2\">Sonntag<\/td><td class=\"column-3\">03.05.2026<\/td><td class=\"column-4\">17:00 Uhr<\/td>\n<\/tr>\n<\/tbody>\n<\/table>\n<!-- #tablepress-SL_E_B from cache -->\n<h2>Silberkursus Stufe IV<\/h2>\n\n<table id=\"tablepress-SL_E_S\" class=\"tablepress tablepress-id-SL_E_S\">\n<tbody class=\"row-hover\">\n<tr class=\"row-1\">\n\t<td class=\"column-1\">Kurs-Nr.<\/td><td class=\"column-2\">Tag<\/td><td class=\"column-3\">Starttermin<\/td><td class=\"column-4\">Uhrzeit<\/td>\n<\/tr>\n<\/tbody>\n<\/table>\n<!-- #tablepress-SL_E_S from cache -->\n<h2>Goldkursus Stufe V<\/h2>\n\n<table id=\"tablepress-SL_E_GO\" class=\"tablepress tablepress-id-SL_E_GO\">\n<tbody class=\"row-hover\">\n<tr class=\"row-1\">\n\t<td class=\"column-1\">Kurs-Nr.<\/td><td class=\"column-2\">Tag<\/td><td class=\"column-3\">Starttermin<\/td><td class=\"column-4\">Uhrzeit<\/td>\n<\/tr>\n<\/tbody>\n<\/table>\n<!-- #tablepress-SL_E_GO from cache -->\n<h2>Goldstarkursus Stufe VI<\/h2>\n\n<table id=\"tablepress-SL_E_GOS\" class=\"tablepress tablepress-id-SL_E_GOS\">\n<tbody class=\"row-hover\">\n<tr class=\"row-1\">\n\t<td class=\"column-1\">Kurs-Nr.<\/td><td class=\"column-2\">Tag<\/td><td class=\"column-3\">Starttermin<\/td><td class=\"column-4\">Uhrzeit<\/td>\n<\/tr>\n<tr class=\"row-2\">\n\t<td class=\"column-1\">E67*<\/td><td class=\"column-2\">Sonntag<\/td><td class=\"column-3\">31.05.2026<\/td><td class=\"column-4\">16:00 Uhr<\/td>\n<\/tr>\n<\/tbody>\n<\/table>\n<!-- #tablepress-SL_E_GOS from cache -->\n<p><strong>\u00a0 \u00a0 8\u00d790 Minuten &#8211; \u20ac 102,- pro Person<\/strong><\/p>\n<p><strong>* 10&#215;60 Minuten &#8211; \u20ac 102,- pro Person<\/strong><\/p>\n<p>&nbsp;<\/p>\n<p>Termin\u00e4nderungen vorbehalten! Kurse werden nur bei ausreichender Teilnehmerzahl und vorheriger Anmeldung durchgef\u00fchrt!<\/p>\n<p>In den Schulferien und an Feiertagen findet kein Unterricht statt!<\/p>\n","protected":false},"excerpt":{"rendered":"<p>Bei uns lernen Sie in netter, ungezwungener Atmosph\u00e4re ein abwechslungsreiches Gesellschaftstanzprogramm. Vom klassischen Walzer und Foxtrott \u00fcber den lateinamerikanischen Cha-Cha-Cha bis hin zu Samba und Discofox machen wir Sie fit f\u00fcr jede Party. In unseren Aufbaukursen vertiefen wir das bisher gelernte und erg\u00e4nzen Ihr Repertoire um weitere attraktive Figuren. W\u00e4hrend einer geselligen Pause trifft man [&hellip;]<\/p>\n","protected":false},"author":3,"featured_media":0,"parent":0,"menu_order":0,"comment_status":"closed","ping_status":"closed","template":"","meta":{"site-sidebar-layout":"default","site-content-layout":"default","ast-site-content-layout":"default","site-content-style":"default","site-sidebar-style":"default","ast-global-header-display":"","ast-banner-title-visibility":"","ast-main-header-display":"","ast-hfb-above-header-display":"","ast-hfb-below-header-display":"","ast-hfb-mobile-header-display":"","site-post-title":"","ast-breadcrumbs-content":"","ast-featured-img":"","footer-sml-layout":"","ast-disable-related-posts":"","theme-transparent-header-meta":"default","adv-header-id-meta":"","stick-header-meta":"","header-above-stick-meta":"","header-main-stick-meta":"","header-below-stick-meta":"","astra-migrate-meta-layouts":"set","ast-page-background-enabled":"default","ast-page-background-meta":{"desktop":{"background-color":"","background-image":"","background-repeat":"repeat","background-position":"center center","background-size":"auto","background-attachment":"scroll","background-type":"","background-media":"","overlay-type":"","overlay-color":"","overlay-opacity":"","overlay-gradient":""},"tablet":{"background-color":"","background-image":"","background-repeat":"repeat","background-position":"center center","background-size":"auto","background-attachment":"scroll","background-type":"","background-media":"","overlay-type":"","overlay-color":"","overlay-opacity":"","overlay-gradient":""},"mobile":{"background-color":"","background-image":"","background-repeat":"repeat","background-position":"center center","background-size":"auto","background-attachment":"scroll","background-type":"","background-media":"","overlay-type":"","overlay-color":"","overlay-opacity":"","overlay-gradient":""}},"ast-content-background-meta":{"desktop":{"background-color":"var(--ast-global-color-5)","background-image":"","background-repeat":"repeat","background-position":"center center","background-size":"auto","background-attachment":"scroll","background-type":"","background-media":"","overlay-type":"","overlay-color":"","overlay-opacity":"","overlay-gradient":""},"tablet":{"background-color":"var(--ast-global-color-5)","background-image":"","background-repeat":"repeat","background-position":"center center","background-size":"auto","background-attachment":"scroll","background-type":"","background-media":"","overlay-type":"","overlay-color":"","overlay-opacity":"","overlay-gradient":""},"mobile":{"background-color":"var(--ast-global-color-5)","background-image":"","background-repeat":"repeat","background-position":"center center","background-size":"auto","background-attachment":"scroll","background-type":"","background-media":"","overlay-type":"","overlay-color":"","overlay-opacity":"","overlay-gradient":""}},"footnotes":""},"class_list":["post-17","page","type-page","status-publish","hentry"],"_links":{"self":[{"href":"https:\/\/www.tshelfer.de\/index.php?rest_route=\/wp\/v2\/pages\/17","targetHints":{"allow":["GET"]}}],"collection":[{"href":"https:\/\/www.tshelfer.de\/index.php?rest_route=\/wp\/v2\/pages"}],"about":[{"href":"https:\/\/www.tshelfer.de\/index.php?rest_route=\/wp\/v2\/types\/page"}],"author":[{"embeddable":true,"href":"https:\/\/www.tshelfer.de\/index.php?rest_route=\/wp\/v2\/users\/3"}],"replies":[{"embeddable":true,"href":"https:\/\/www.tshelfer.de\/index.php?rest_route=%2Fwp%2Fv2%2Fcomments&post=17"}],"version-history":[{"count":52,"href":"https:\/\/www.tshelfer.de\/index.php?rest_route=\/wp\/v2\/pages\/17\/revisions"}],"predecessor-version":[{"id":2766,"href":"https:\/\/www.tshelfer.de\/index.php?rest_route=\/wp\/v2\/pages\/17\/revisions\/2766"}],"wp:attachment":[{"href":"https:\/\/www.tshelfer.de\/index.php?rest_route=%2Fwp%2Fv2%2Fmedia&parent=17"}],"curies":[{"name":"wp","href":"https:\/\/api.w.org\/{rel}","templated":true}]}}