{"id":15,"date":"2014-02-06T11:20:06","date_gmt":"2014-02-06T11:20:06","guid":{"rendered":"http:\/\/dev.tshelfer.de\/?page_id=15"},"modified":"2015-11-16T07:25:44","modified_gmt":"2015-11-16T07:25:44","slug":"standardlatein","status":"publish","type":"page","link":"https:\/\/www.tshelfer.de\/?page_id=15","title":{"rendered":"Standard\/Latein"},"content":{"rendered":"<p><img loading=\"lazy\" decoding=\"async\" class=\"size-full wp-image-76 alignleft\" src=\"http:\/\/www.tshelfer.de\/wp-content\/uploads\/2015\/02\/standard_latein.png\" alt=\"standard_latein\" width=\"303\" height=\"291\" \/><\/p>\n<p>Bei uns lernen Sie in netter, ungezwungener Atmosph\u00e4re ein abwechslungsreiches Gesellschaftstanzprogramm.<br \/>\nVom klassischen Walzer und Foxtrott \u00fcber den lateinamerikanischen Cha-Cha-Cha bis hin zu Samba und Discofox machen wir Sie fit f\u00fcr jede Party.<br \/>\nIn unseren Aufbaukursen vertiefen wir das bisher gelernte und erg\u00e4nzen Ihr Repertoire um weitere attraktive Figuren. W\u00e4hrend einer geselligen Pause trifft man Freunde oder lernt neue nette Leute kennen.<\/p>\n<p>&nbsp;<\/p>\n<p>&nbsp;<\/p>\n<p>&nbsp;<\/p>\n<p>Hier geht es zu unseren Standard\/Latein Kursen.<\/p>\n<p><a href=\"http:\/\/www.tshelfer.de\/?page_id=17\">Erwachsene<\/a><\/p>\n<p><a title=\"Jugendliche\" href=\"http:\/\/www.tshelfer.de\/?page_id=19\">Jugendliche<\/a><\/p>\n<p>&nbsp;<\/p>\n<p>&nbsp;<\/p>\n<p>&nbsp;<\/p>\n","protected":false},"excerpt":{"rendered":"<p>Bei uns lernen Sie in netter, ungezwungener Atmosph\u00e4re ein abwechslungsreiches Gesellschaftstanzprogramm. Vom klassischen Walzer und Foxtrott \u00fcber den lateinamerikanischen Cha-Cha-Cha bis hin zu Samba und Discofox machen wir Sie fit f\u00fcr jede Party. In unseren Aufbaukursen vertiefen wir das bisher gelernte und erg\u00e4nzen Ihr Repertoire um weitere attraktive Figuren. W\u00e4hrend einer geselligen Pause trifft man [&hellip;]<\/p>\n","protected":false},"author":3,"featured_media":0,"parent":0,"menu_order":0,"comment_status":"closed","ping_status":"closed","template":"","meta":{"site-sidebar-layout":"default","site-content-layout":"","ast-site-content-layout":"default","site-content-style":"default","site-sidebar-style":"default","ast-global-header-display":"","ast-banner-title-visibility":"","ast-main-header-display":"","ast-hfb-above-header-display":"","ast-hfb-below-header-display":"","ast-hfb-mobile-header-display":"","site-post-title":"","ast-breadcrumbs-content":"","ast-featured-img":"","footer-sml-layout":"","ast-disable-related-posts":"","theme-transparent-header-meta":"","adv-header-id-meta":"","stick-header-meta":"","header-above-stick-meta":"","header-main-stick-meta":"","header-below-stick-meta":"","astra-migrate-meta-layouts":"default","ast-page-background-enabled":"default","ast-page-background-meta":{"desktop":{"background-color":"","background-image":"","background-repeat":"repeat","background-position":"center center","background-size":"auto","background-attachment":"scroll","background-type":"","background-media":"","overlay-type":"","overlay-color":"","overlay-opacity":"","overlay-gradient":""},"tablet":{"background-color":"","background-image":"","background-repeat":"repeat","background-position":"center center","background-size":"auto","background-attachment":"scroll","background-type":"","background-media":"","overlay-type":"","overlay-color":"","overlay-opacity":"","overlay-gradient":""},"mobile":{"background-color":"","background-image":"","background-repeat":"repeat","background-position":"center center","background-size":"auto","background-attachment":"scroll","background-type":"","background-media":"","overlay-type":"","overlay-color":"","overlay-opacity":"","overlay-gradient":""}},"ast-content-background-meta":{"desktop":{"background-color":"var(--ast-global-color-5)","background-image":"","background-repeat":"repeat","background-position":"center center","background-size":"auto","background-attachment":"scroll","background-type":"","background-media":"","overlay-type":"","overlay-color":"","overlay-opacity":"","overlay-gradient":""},"tablet":{"background-color":"var(--ast-global-color-5)","background-image":"","background-repeat":"repeat","background-position":"center center","background-size":"auto","background-attachment":"scroll","background-type":"","background-media":"","overlay-type":"","overlay-color":"","overlay-opacity":"","overlay-gradient":""},"mobile":{"background-color":"var(--ast-global-color-5)","background-image":"","background-repeat":"repeat","background-position":"center center","background-size":"auto","background-attachment":"scroll","background-type":"","background-media":"","overlay-type":"","overlay-color":"","overlay-opacity":"","overlay-gradient":""}},"footnotes":""},"class_list":["post-15","page","type-page","status-publish","hentry"],"_links":{"self":[{"href":"https:\/\/www.tshelfer.de\/index.php?rest_route=\/wp\/v2\/pages\/15","targetHints":{"allow":["GET"]}}],"collection":[{"href":"https:\/\/www.tshelfer.de\/index.php?rest_route=\/wp\/v2\/pages"}],"about":[{"href":"https:\/\/www.tshelfer.de\/index.php?rest_route=\/wp\/v2\/types\/page"}],"author":[{"embeddable":true,"href":"https:\/\/www.tshelfer.de\/index.php?rest_route=\/wp\/v2\/users\/3"}],"replies":[{"embeddable":true,"href":"https:\/\/www.tshelfer.de\/index.php?rest_route=%2Fwp%2Fv2%2Fcomments&post=15"}],"version-history":[{"count":25,"href":"https:\/\/www.tshelfer.de\/index.php?rest_route=\/wp\/v2\/pages\/15\/revisions"}],"predecessor-version":[{"id":876,"href":"https:\/\/www.tshelfer.de\/index.php?rest_route=\/wp\/v2\/pages\/15\/revisions\/876"}],"wp:attachment":[{"href":"https:\/\/www.tshelfer.de\/index.php?rest_route=%2Fwp%2Fv2%2Fmedia&parent=15"}],"curies":[{"name":"wp","href":"https:\/\/api.w.org\/{rel}","templated":true}]}}